{"id":914,"date":"2021-06-16T21:20:42","date_gmt":"2021-06-16T19:20:42","guid":{"rendered":"https:\/\/kaczmarski-legal.com.pl\/?page_id=914"},"modified":"2025-09-30T16:44:58","modified_gmt":"2025-09-30T14:44:58","slug":"wsparcie-w-przypadku-zarzutow-karnych-oraz-obrona-klientow-korporacyjnych","status":"publish","type":"page","link":"https:\/\/kaczmarski-legal.com.pl\/?page_id=914","title":{"rendered":"Wewn\u0119trzne post\u0119powania wyja\u015bniaj\u0105ce oraz obrona przed zarzutami karnymi lub non-compliance"},"content":{"rendered":"\n<figure class=\"wp-block-embed is-type-video is-provider-youtube wp-block-embed-youtube wp-embed-aspect-16-9 wp-has-aspect-ratio\"><div class=\"wp-block-embed__wrapper\">\n<iframe loading=\"lazy\" title=\"47. Wspo\u0301\u0142praca audytora s\u0301ledczego i karnisty w ramach wewn\u0119trznego post\u0119powania wyja\u015bniaj\u0105cego\" width=\"1140\" height=\"641\" src=\"https:\/\/www.youtube.com\/embed\/N63N2y8p29M?feature=oembed\" frameborder=\"0\" allow=\"accelerometer; autoplay; clipboard-write; encrypted-media; gyroscope; picture-in-picture; web-share\" referrerpolicy=\"strict-origin-when-cross-origin\" allowfullscreen><\/iframe>\n<\/div><\/figure>\n\n\n\n<hr class=\"wp-block-separator has-text-color has-luminous-vivid-orange-color has-alpha-channel-opacity has-luminous-vivid-orange-background-color has-background\"\/>\n\n\n\n<p class=\"has-text-align-left\" style=\"font-size:25px\"><strong><mark style=\"background-color:rgba(0, 0, 0, 0)\" class=\"has-inline-color has-vivid-cyan-blue-color\">Dochodzenia korporacyjne i zwi\u0105zane z nimi zarz\u0105dzanie kryzysowe<\/mark><\/strong><\/p>\n\n\n\n<p class=\"has-text-align-left has-medium-font-size\">Ka\u017cdy przypadek niew\u0142a\u015bciwego post\u0119powania wymaga reakcji. Legal and Compliance Hub reprezentuje ponad 20 lat do\u015bwiadczenia w prowadzeniu mi\u0119dzynarodowych i lokalnych dochodze\u0144 korporacyjnych na trzech kontynentach (Europa, Azja, Ameryka P\u00f3\u0142nocna)<\/p>\n\n\n\n<div style=\"height:11px\" aria-hidden=\"true\" class=\"wp-block-spacer\"><\/div>\n\n\n\n<hr class=\"wp-block-separator has-text-color has-luminous-vivid-orange-color has-alpha-channel-opacity has-luminous-vivid-orange-background-color has-background\"\/>\n\n\n\n<p class=\"has-text-align-left\" style=\"font-size:25px\"><strong><mark style=\"background-color:rgba(0, 0, 0, 0)\" class=\"has-inline-color has-vivid-cyan-blue-color\">Obrona korporacyjna i indywidualna<\/mark><\/strong><\/p>\n\n\n\n<p class=\"has-text-align-left has-medium-font-size\">Zarzuty karne czy administracyjne (non-compliance) to dopiero pocz\u0105tek drogi. Legal and Compliance Hub pomaga w interpretacji zarzut\u00f3w na j\u0119zyk biznesu oraz opracowaniu racjonalnej strategii obrony.<\/p>\n","protected":false},"excerpt":{"rendered":"<p>Dochodzenia korporacyjne i zwi\u0105zane z nimi zarz\u0105dzanie kryzysowe Ka\u017cdy przypadek niew\u0142a\u015bciwego post\u0119powania wymaga reakcji. Legal and Compliance Hub reprezentuje ponad&hellip;<\/p>\n","protected":false},"author":2,"featured_media":0,"parent":0,"menu_order":0,"comment_status":"closed","ping_status":"closed","template":"","meta":{"footnotes":""},"class_list":["post-914","page","type-page","status-publish","hentry"],"_links":{"self":[{"href":"https:\/\/kaczmarski-legal.com.pl\/index.php?rest_route=\/wp\/v2\/pages\/914","targetHints":{"allow":["GET"]}}],"collection":[{"href":"https:\/\/kaczmarski-legal.com.pl\/index.php?rest_route=\/wp\/v2\/pages"}],"about":[{"href":"https:\/\/kaczmarski-legal.com.pl\/index.php?rest_route=\/wp\/v2\/types\/page"}],"author":[{"embeddable":true,"href":"https:\/\/kaczmarski-legal.com.pl\/index.php?rest_route=\/wp\/v2\/users\/2"}],"replies":[{"embeddable":true,"href":"https:\/\/kaczmarski-legal.com.pl\/index.php?rest_route=%2Fwp%2Fv2%2Fcomments&post=914"}],"version-history":[{"count":20,"href":"https:\/\/kaczmarski-legal.com.pl\/index.php?rest_route=\/wp\/v2\/pages\/914\/revisions"}],"predecessor-version":[{"id":1998,"href":"https:\/\/kaczmarski-legal.com.pl\/index.php?rest_route=\/wp\/v2\/pages\/914\/revisions\/1998"}],"wp:attachment":[{"href":"https:\/\/kaczmarski-legal.com.pl\/index.php?rest_route=%2Fwp%2Fv2%2Fmedia&parent=914"}],"curies":[{"name":"wp","href":"https:\/\/api.w.org\/{rel}","templated":true}]}}