{"id":6,"date":"2020-12-28T21:41:32","date_gmt":"2020-12-28T20:41:32","guid":{"rendered":"http:\/\/kaczmarski-legal.com.pl\/?page_id=6"},"modified":"2026-04-14T10:50:46","modified_gmt":"2026-04-14T08:50:46","slug":"nowe-muzeum-sztuki-nowoczesnej-otwarlo-swoje-powoje","status":"publish","type":"page","link":"https:\/\/kaczmarski-legal.com.pl\/","title":{"rendered":"O kancelarii"},"content":{"rendered":"\n<div style=\"height:18px\" aria-hidden=\"true\" class=\"wp-block-spacer\"><\/div>\n\n\n\n<p class=\"has-medium-font-size\">Dzia\u0142alno\u015b\u0107 kancelarii adwokackiej <strong>Micha\u0142 Kaczmarski Legal and Compliance Hub <\/strong>dedykowana jest wspieraniu biznesu w bezpiecznej realizacji cel\u00f3w gospodarczych.<\/p>\n\n\n\n<div style=\"height:25px\" aria-hidden=\"true\" class=\"wp-block-spacer\"><\/div>\n\n\n\n<div class=\"wp-block-media-text is-stacked-on-mobile\" style=\"grid-template-columns:37% auto\"><figure class=\"wp-block-media-text__media\"><img loading=\"lazy\" decoding=\"async\" width=\"682\" height=\"1024\" src=\"https:\/\/kaczmarski-legal.com.pl\/wp-content\/uploads\/2025\/04\/IMG_3719-682x1024.png\" alt=\"\" class=\"wp-image-1957 size-full\" srcset=\"https:\/\/kaczmarski-legal.com.pl\/wp-content\/uploads\/2025\/04\/IMG_3719-682x1024.png 682w, https:\/\/kaczmarski-legal.com.pl\/wp-content\/uploads\/2025\/04\/IMG_3719-200x300.png 200w, https:\/\/kaczmarski-legal.com.pl\/wp-content\/uploads\/2025\/04\/IMG_3719-768x1154.png 768w, https:\/\/kaczmarski-legal.com.pl\/wp-content\/uploads\/2025\/04\/IMG_3719-1022x1536.png 1022w, https:\/\/kaczmarski-legal.com.pl\/wp-content\/uploads\/2025\/04\/IMG_3719.png 1065w\" sizes=\"auto, (max-width: 682px) 100vw, 682px\" \/><\/figure><div class=\"wp-block-media-text__content\">\n<p class=\"has-medium-font-size\"><mark style=\"background-color:rgba(0, 0, 0, 0)\" class=\"has-inline-color has-luminous-vivid-orange-color\"><strong>Moja specjalizacja:<\/strong><\/mark><\/p>\n\n\n\n<ul class=\"wp-block-list\">\n<li class=\"has-medium-font-size\">Szkolenia z obszaru business compliance i criminal compliance<\/li>\n\n\n\n<li class=\"has-medium-font-size\">Wsparcie wewn\u0119trznych post\u0119powa\u0144 wyja\u015bniaj\u0105cych <\/li>\n\n\n\n<li class=\"has-medium-font-size\">Obrona w przypadku post\u0119powa\u0144 karnych-gospodarczych lub odpowiedzialno\u015bci administracyjnej (non-compliance)<\/li>\n\n\n\n<li class=\"has-medium-font-size\">CaaS, czyli Compliance as a Service<\/li>\n<\/ul>\n\n\n\n<p class=\"has-medium-font-size\"><mark style=\"background-color:rgba(0, 0, 0, 0)\" class=\"has-inline-color has-luminous-vivid-orange-color\"><strong>Pozosta\u0144my w kontakcie:<\/strong><\/mark><\/p>\n\n\n\n<ul class=\"wp-block-list\">\n<li class=\"has-vivid-cyan-blue-color has-text-color has-link-color has-medium-font-size wp-elements-69d6cca65184be7c4fab3bda180f3df7\">E-mail: michal@kaczmarski-legal.com.pl<\/li>\n\n\n\n<li class=\"has-vivid-cyan-blue-color has-text-color has-link-color has-medium-font-size wp-elements-03b1363bc4c6c587c6a2e32cdcc4fb18\">Telefon: +48 604 648 114<\/li>\n<\/ul>\n<\/div><\/div>\n","protected":false},"excerpt":{"rendered":"<p>Dzia\u0142alno\u015b\u0107 kancelarii adwokackiej Micha\u0142 Kaczmarski Legal and Compliance Hub dedykowana jest wspieraniu biznesu w bezpiecznej realizacji cel\u00f3w gospodarczych.<\/p>\n","protected":false},"author":2,"featured_media":0,"parent":0,"menu_order":0,"comment_status":"closed","ping_status":"closed","template":"","meta":{"footnotes":""},"class_list":["post-6","page","type-page","status-publish","hentry"],"_links":{"self":[{"href":"https:\/\/kaczmarski-legal.com.pl\/index.php?rest_route=\/wp\/v2\/pages\/6","targetHints":{"allow":["GET"]}}],"collection":[{"href":"https:\/\/kaczmarski-legal.com.pl\/index.php?rest_route=\/wp\/v2\/pages"}],"about":[{"href":"https:\/\/kaczmarski-legal.com.pl\/index.php?rest_route=\/wp\/v2\/types\/page"}],"author":[{"embeddable":true,"href":"https:\/\/kaczmarski-legal.com.pl\/index.php?rest_route=\/wp\/v2\/users\/2"}],"replies":[{"embeddable":true,"href":"https:\/\/kaczmarski-legal.com.pl\/index.php?rest_route=%2Fwp%2Fv2%2Fcomments&post=6"}],"version-history":[{"count":217,"href":"https:\/\/kaczmarski-legal.com.pl\/index.php?rest_route=\/wp\/v2\/pages\/6\/revisions"}],"predecessor-version":[{"id":2021,"href":"https:\/\/kaczmarski-legal.com.pl\/index.php?rest_route=\/wp\/v2\/pages\/6\/revisions\/2021"}],"wp:attachment":[{"href":"https:\/\/kaczmarski-legal.com.pl\/index.php?rest_route=%2Fwp%2Fv2%2Fmedia&parent=6"}],"curies":[{"name":"wp","href":"https:\/\/api.w.org\/{rel}","templated":true}]}}