{"id":480,"date":"2021-02-20T21:28:02","date_gmt":"2021-02-20T20:28:02","guid":{"rendered":"https:\/\/kaczmarski-legal.com.pl\/?page_id=480"},"modified":"2021-02-20T21:28:02","modified_gmt":"2021-02-20T20:28:02","slug":"prewencyjny-due-diligence-compliance-w-trakcie-transakcji-fuzji-i-przejec","status":"publish","type":"page","link":"https:\/\/kaczmarski-legal.com.pl\/?page_id=480","title":{"rendered":"Prewencyjny due diligence compliance w trakcie transakcji fuzji i przej\u0119\u0107"},"content":{"rendered":"\n<ul class=\"wp-block-list\"><li>Prewencyjny due diligence compliance to zestaw procedur, kt\u00f3re przybli\u017caj\u0105 nas do \u015bwiadomej decyzji o podj\u0119ciu wsp\u00f3\u0142pracy z pracownikiem, dostawc\u0105, klientem lub przej\u0119ciu innego przedsi\u0119biorstwa<\/li><li>Celem procedur due diligence jest zapobie\u017cenie nawi\u0105zaniu wsp\u00f3\u0142pracy z podmiotem, kt\u00f3ry nie podziela naszych warto\u015bci lub standard\u00f3w etycznych<\/li><li>Dzi\u0119ki podj\u0119ciu akt\u00f3w staranno\u015bci mo\u017cemy ograniczy\u0107 nasze ryzyko ekspozycji na zarzuty winy w wyborze, a tym samym oddali\u0107 prawdopodobie\u0144stwo odpowiedzialno\u015bci korporacyjnej za czyn zabroniony pope\u0142niony przez cz\u0142onka naszej organizacji lub we wsp\u00f3\u0142pracy z nim<\/li><\/ul>\n\n\n\n<p>Procedury stosowane w ramach due diligence compliance w trakcie transakcji fuzji i przej\u0119\u0107 obejmuj\u0105&nbsp;w szczeg\u00f3lno\u015bci:<\/p>\n\n\n\n<div class=\"wp-block-image\"><figure class=\"aligncenter size-large is-resized\"><img loading=\"lazy\" decoding=\"async\" src=\"https:\/\/kaczmarski-legal.com.pl\/wp-content\/uploads\/2021\/02\/Due_diligence_PL-1024x723.png\" alt=\"\" class=\"wp-image-481\" width=\"759\" height=\"535\" srcset=\"https:\/\/kaczmarski-legal.com.pl\/wp-content\/uploads\/2021\/02\/Due_diligence_PL-1024x723.png 1024w, https:\/\/kaczmarski-legal.com.pl\/wp-content\/uploads\/2021\/02\/Due_diligence_PL-300x212.png 300w, https:\/\/kaczmarski-legal.com.pl\/wp-content\/uploads\/2021\/02\/Due_diligence_PL-768x542.png 768w, https:\/\/kaczmarski-legal.com.pl\/wp-content\/uploads\/2021\/02\/Due_diligence_PL-1536x1085.png 1536w, https:\/\/kaczmarski-legal.com.pl\/wp-content\/uploads\/2021\/02\/Due_diligence_PL.png 1572w\" sizes=\"auto, (max-width: 759px) 100vw, 759px\" \/><\/figure><\/div>\n\n\n\n<p>Poni\u017cej znajduje si\u0119&nbsp;przyk\u0142adowa procedura dla detekcji luk mechanizmach kontrolnych oraz opracowania odpowiedzi na zidentyfikowane przypadki non-compliance.<\/p>\n\n\n\n<div class=\"wp-block-image\"><figure class=\"aligncenter size-large is-resized\"><img loading=\"lazy\" decoding=\"async\" src=\"https:\/\/kaczmarski-legal.com.pl\/wp-content\/uploads\/2021\/02\/Analiza_ryzyka_non-compl-1024x541.png\" alt=\"\" class=\"wp-image-500\" width=\"815\" height=\"430\" srcset=\"https:\/\/kaczmarski-legal.com.pl\/wp-content\/uploads\/2021\/02\/Analiza_ryzyka_non-compl-1024x541.png 1024w, https:\/\/kaczmarski-legal.com.pl\/wp-content\/uploads\/2021\/02\/Analiza_ryzyka_non-compl-300x159.png 300w, https:\/\/kaczmarski-legal.com.pl\/wp-content\/uploads\/2021\/02\/Analiza_ryzyka_non-compl-768x406.png 768w, https:\/\/kaczmarski-legal.com.pl\/wp-content\/uploads\/2021\/02\/Analiza_ryzyka_non-compl-1536x812.png 1536w, https:\/\/kaczmarski-legal.com.pl\/wp-content\/uploads\/2021\/02\/Analiza_ryzyka_non-compl.png 1620w\" sizes=\"auto, (max-width: 815px) 100vw, 815px\" \/><\/figure><\/div>\n\n\n\n<p>Kancelaria Kaczmarski-Legal ch\u0119tnie wesprze Pa\u0144stwa organizacj\u0119 w opracowaniu procedury adekwatnej dla Pa\u0144stwa potrzeb oraz wesprze Pa\u0144stwa w jej implementacji. <\/p>\n","protected":false},"excerpt":{"rendered":"<p>Prewencyjny due diligence compliance to zestaw procedur, kt\u00f3re przybli\u017caj\u0105 nas do \u015bwiadomej decyzji o podj\u0119ciu wsp\u00f3\u0142pracy z pracownikiem, dostawc\u0105, klientem&hellip;<\/p>\n","protected":false},"author":2,"featured_media":471,"parent":0,"menu_order":0,"comment_status":"closed","ping_status":"closed","template":"","meta":{"footnotes":""},"class_list":["post-480","page","type-page","status-publish","has-post-thumbnail","hentry"],"_links":{"self":[{"href":"https:\/\/kaczmarski-legal.com.pl\/index.php?rest_route=\/wp\/v2\/pages\/480","targetHints":{"allow":["GET"]}}],"collection":[{"href":"https:\/\/kaczmarski-legal.com.pl\/index.php?rest_route=\/wp\/v2\/pages"}],"about":[{"href":"https:\/\/kaczmarski-legal.com.pl\/index.php?rest_route=\/wp\/v2\/types\/page"}],"author":[{"embeddable":true,"href":"https:\/\/kaczmarski-legal.com.pl\/index.php?rest_route=\/wp\/v2\/users\/2"}],"replies":[{"embeddable":true,"href":"https:\/\/kaczmarski-legal.com.pl\/index.php?rest_route=%2Fwp%2Fv2%2Fcomments&post=480"}],"version-history":[{"count":4,"href":"https:\/\/kaczmarski-legal.com.pl\/index.php?rest_route=\/wp\/v2\/pages\/480\/revisions"}],"predecessor-version":[{"id":521,"href":"https:\/\/kaczmarski-legal.com.pl\/index.php?rest_route=\/wp\/v2\/pages\/480\/revisions\/521"}],"wp:featuredmedia":[{"embeddable":true,"href":"https:\/\/kaczmarski-legal.com.pl\/index.php?rest_route=\/wp\/v2\/media\/471"}],"wp:attachment":[{"href":"https:\/\/kaczmarski-legal.com.pl\/index.php?rest_route=%2Fwp%2Fv2%2Fmedia&parent=480"}],"curies":[{"name":"wp","href":"https:\/\/api.w.org\/{rel}","templated":true}]}}